{"id":1102,"date":"2022-02-11T15:25:17","date_gmt":"2022-02-11T15:25:17","guid":{"rendered":"https:\/\/villas-delfini.gr\/?page_id=1102"},"modified":"2022-02-11T16:12:34","modified_gmt":"2022-02-11T16:12:34","slug":"places-to-visit","status":"publish","type":"page","link":"https:\/\/villas-delfini.gr\/de\/places-to-visit\/","title":{"rendered":"Places to Visit"},"content":{"rendered":"\t\t<div data-elementor-type=\"wp-post\" data-elementor-id=\"1102\" class=\"elementor elementor-1102 elementor-63\" data-elementor-post-type=\"page\">\n\t\t\t\t\t\t<section class=\"elementor-section elementor-top-section elementor-element elementor-element-3abe1d47 elementor-section-full_width elementor-section-height-min-height elementor-section-height-default elementor-section-items-middle\" data-id=\"3abe1d47\" data-element_type=\"section\" data-e-type=\"section\" data-settings=\"{&quot;background_background&quot;:&quot;classic&quot;}\">\n\t\t\t\t\t\t\t<div class=\"elementor-background-overlay\"><\/div>\n\t\t\t\t\t\t\t<div class=\"elementor-container elementor-column-gap-default\">\n\t\t\t\t\t<div class=\"elementor-column elementor-col-100 elementor-top-column elementor-element elementor-element-1cd780e3\" data-id=\"1cd780e3\" data-element_type=\"column\" data-e-type=\"column\">\n\t\t\t<div class=\"elementor-widget-wrap elementor-element-populated\">\n\t\t\t\t\t\t<div class=\"elementor-element elementor-element-367392ab elementor-widget elementor-widget-spacer\" data-id=\"367392ab\" data-element_type=\"widget\" data-e-type=\"widget\" data-widget_type=\"spacer.default\">\n\t\t\t\t<div class=\"elementor-widget-container\">\n\t\t\t\t\t\t\t<div class=\"elementor-spacer\">\n\t\t\t<div class=\"elementor-spacer-inner\"><\/div>\n\t\t<\/div>\n\t\t\t\t\t\t<\/div>\n\t\t\t\t<\/div>\n\t\t\t\t<div class=\"elementor-element elementor-element-2745faf1 elementor-view-default elementor-position-top elementor-invisible elementor-widget elementor-widget-themo-header\" data-id=\"2745faf1\" data-element_type=\"widget\" data-e-type=\"widget\" data-settings=\"{&quot;_animation&quot;:&quot;fadeIn&quot;}\" data-widget_type=\"themo-header.default\">\n\t\t\t\t<div class=\"elementor-widget-container\">\n\t\t\t\t\t\t\t<div class=\"th-header-wrap\">\n        <div class=\"elementor-icon-box-wrapper \">\n                            <div class=\"elementor-icon-box-content\">\n                    <h1 class=\"elementor-icon-box-title\">\n                        Orte zum Besuchen                    <\/h1>\n                                        <p class=\"elementor-icon-box-description\"><\/p>\n\n                                    <\/div>\n            <\/div>\n\n        <\/div>\n\n\t\t\t\t\t\t<\/div>\n\t\t\t\t<\/div>\n\t\t\t\t\t<\/div>\n\t\t<\/div>\n\t\t\t\t\t<\/div>\n\t\t<\/section>\n\t\t\t\t<section class=\"elementor-section elementor-top-section elementor-element elementor-element-271846f elementor-section-boxed elementor-section-height-default elementor-section-height-default\" data-id=\"271846f\" data-element_type=\"section\" data-e-type=\"section\" data-settings=\"{&quot;background_background&quot;:&quot;classic&quot;}\">\n\t\t\t\t\t\t<div class=\"elementor-container elementor-column-gap-default\">\n\t\t\t\t\t<div class=\"elementor-column elementor-col-100 elementor-top-column elementor-element elementor-element-4debf21\" data-id=\"4debf21\" data-element_type=\"column\" data-e-type=\"column\">\n\t\t\t<div class=\"elementor-widget-wrap elementor-element-populated\">\n\t\t\t\t\t\t<div class=\"elementor-element elementor-element-bd0da9a elementor-widget elementor-widget-spacer\" data-id=\"bd0da9a\" data-element_type=\"widget\" data-e-type=\"widget\" data-widget_type=\"spacer.default\">\n\t\t\t\t<div class=\"elementor-widget-container\">\n\t\t\t\t\t\t\t<div class=\"elementor-spacer\">\n\t\t\t<div class=\"elementor-spacer-inner\"><\/div>\n\t\t<\/div>\n\t\t\t\t\t\t<\/div>\n\t\t\t\t<\/div>\n\t\t\t\t\t<\/div>\n\t\t<\/div>\n\t\t\t\t\t<\/div>\n\t\t<\/section>\n\t\t\t\t<section class=\"elementor-section elementor-top-section elementor-element elementor-element-d0e5233 elementor-section-boxed elementor-section-height-default elementor-section-height-default\" data-id=\"d0e5233\" data-element_type=\"section\" data-e-type=\"section\" data-settings=\"{&quot;background_background&quot;:&quot;classic&quot;}\">\n\t\t\t\t\t\t<div class=\"elementor-container elementor-column-gap-no\">\n\t\t\t\t\t<div class=\"elementor-column elementor-col-100 elementor-top-column elementor-element elementor-element-c12318f\" data-id=\"c12318f\" data-element_type=\"column\" data-e-type=\"column\">\n\t\t\t<div class=\"elementor-widget-wrap elementor-element-populated\">\n\t\t\t\t\t\t<div class=\"elementor-element elementor-element-ccab304 elementor-widget elementor-widget-spacer\" data-id=\"ccab304\" data-element_type=\"widget\" data-e-type=\"widget\" data-widget_type=\"spacer.default\">\n\t\t\t\t<div class=\"elementor-widget-container\">\n\t\t\t\t\t\t\t<div class=\"elementor-spacer\">\n\t\t\t<div class=\"elementor-spacer-inner\"><\/div>\n\t\t<\/div>\n\t\t\t\t\t\t<\/div>\n\t\t\t\t<\/div>\n\t\t\t\t<div class=\"elementor-element elementor-element-27beb6a elementor-widget elementor-widget-menu-anchor\" data-id=\"27beb6a\" data-element_type=\"widget\" data-e-type=\"widget\" data-widget_type=\"menu-anchor.default\">\n\t\t\t\t<div class=\"elementor-widget-container\">\n\t\t\t\t\t\t\t<div class=\"elementor-menu-anchor\" id=\"what-to-do\"><\/div>\n\t\t\t\t\t\t<\/div>\n\t\t\t\t<\/div>\n\t\t\t\t\t<\/div>\n\t\t<\/div>\n\t\t\t\t\t<\/div>\n\t\t<\/section>\n\t\t\t\t<section class=\"elementor-section elementor-top-section elementor-element elementor-element-7a707642 elementor-section-full_width elementor-section-height-default elementor-section-height-default\" data-id=\"7a707642\" data-element_type=\"section\" data-e-type=\"section\">\n\t\t\t\t\t\t<div class=\"elementor-container elementor-column-gap-default\">\n\t\t\t\t\t<div class=\"elementor-column elementor-col-50 elementor-top-column elementor-element elementor-element-6fd46887\" data-id=\"6fd46887\" data-element_type=\"column\" data-e-type=\"column\" data-settings=\"{&quot;background_background&quot;:&quot;classic&quot;}\">\n\t\t\t<div class=\"elementor-widget-wrap elementor-element-populated\">\n\t\t\t\t\t\t<div class=\"elementor-element elementor-element-56628d52 elementor-position-left elementor-view-default elementor-widget elementor-widget-themo-header\" data-id=\"56628d52\" data-element_type=\"widget\" data-e-type=\"widget\" data-widget_type=\"themo-header.default\">\n\t\t\t\t<div class=\"elementor-widget-container\">\n\t\t\t\t\t\t\t<div class=\"th-header-wrap\">\n        <div class=\"elementor-icon-box-wrapper \">\n                            <div class=\"elementor-icon-box-content\">\n                    <h3 class=\"elementor-icon-box-title\">\n                        MATALA                    <\/h3>\n                                        <p class=\"elementor-icon-box-description\">Matala is located 68km southwest of Heraklion, where the plain Messara meets Asteroussia Mountains. This is one of the most popular tourist destinations of Crete and certainly the most famous beach of south Heraklion prefecture. It is famous for the carved caves in the rocks and the hippies of the \u201870s. It is located close to Phaestus, the second largest palace of the Minoan civilization.\n\nMatala is located at the exit of a small valley, which forms an enclosed bay with nice view to the islands of Paximadia.There is a beautiful sandy beach, 300m long, with fine gravel and crystal clear deep water. Around Matala you will find many options for accommodation, entertainment and eating. Also, a large part of the beach is covered by tamarisk trees, where you can find shade. In the evenings, the bars on the beach are full with many people, both locals and foreigners. Especially in June, the internationally renowned Matala Festival takes place.\n\n<\/p>\n\n                                    <\/div>\n            <\/div>\n\n        <\/div>\n\n\t\t\t\t\t\t<\/div>\n\t\t\t\t<\/div>\n\t\t\t\t\t<\/div>\n\t\t<\/div>\n\t\t\t\t<div class=\"elementor-column elementor-col-50 elementor-top-column elementor-element elementor-element-58792b4b\" data-id=\"58792b4b\" data-element_type=\"column\" data-e-type=\"column\" data-settings=\"{&quot;background_background&quot;:&quot;classic&quot;}\">\n\t\t\t<div class=\"elementor-widget-wrap\">\n\t\t\t\t\t<div class=\"elementor-background-overlay\"><\/div>\n\t\t\t\t\t\t\t<\/div>\n\t\t<\/div>\n\t\t\t\t\t<\/div>\n\t\t<\/section>\n\t\t\t\t<section class=\"elementor-section elementor-top-section elementor-element elementor-element-48f8af9 elementor-section-full_width elementor-section-height-default elementor-section-height-default\" data-id=\"48f8af9\" data-element_type=\"section\" data-e-type=\"section\">\n\t\t\t\t\t\t<div class=\"elementor-container elementor-column-gap-default\">\n\t\t\t\t\t<div class=\"elementor-column elementor-col-50 elementor-top-column elementor-element elementor-element-f2618d0\" data-id=\"f2618d0\" data-element_type=\"column\" data-e-type=\"column\" data-settings=\"{&quot;background_background&quot;:&quot;classic&quot;}\">\n\t\t\t<div class=\"elementor-widget-wrap elementor-element-populated\">\n\t\t\t\t\t\t<div class=\"elementor-element elementor-element-b0d4737 elementor-widget elementor-widget-menu-anchor\" data-id=\"b0d4737\" data-element_type=\"widget\" data-e-type=\"widget\" data-widget_type=\"menu-anchor.default\">\n\t\t\t\t<div class=\"elementor-widget-container\">\n\t\t\t\t\t\t\t<div class=\"elementor-menu-anchor\" id=\"more1\"><\/div>\n\t\t\t\t\t\t<\/div>\n\t\t\t\t<\/div>\n\t\t\t\t\t<\/div>\n\t\t<\/div>\n\t\t\t\t<div class=\"elementor-column elementor-col-50 elementor-top-column elementor-element elementor-element-8824574\" data-id=\"8824574\" data-element_type=\"column\" data-e-type=\"column\" data-settings=\"{&quot;background_background&quot;:&quot;classic&quot;}\">\n\t\t\t<div class=\"elementor-widget-wrap elementor-element-populated\">\n\t\t\t\t\t\t<div class=\"elementor-element elementor-element-11cecdb elementor-position-left elementor-view-default elementor-widget elementor-widget-themo-header\" data-id=\"11cecdb\" data-element_type=\"widget\" data-e-type=\"widget\" data-widget_type=\"themo-header.default\">\n\t\t\t\t<div class=\"elementor-widget-container\">\n\t\t\t\t\t\t\t<div class=\"th-header-wrap\">\n        <div class=\"elementor-icon-box-wrapper \">\n                            <div class=\"elementor-icon-box-content\">\n                    <h3 class=\"elementor-icon-box-title\">\n                        Kali Limenes                    <\/h3>\n                                        <p class=\"elementor-icon-box-description\">Kali Limenes liegt 75 km s\u00fcdwestlich von Heraklion und ist das gr\u00f6\u00dfte K\u00fcstendorf im Asterousia-Gebirge. Es ist eines der wenigen K\u00fcstengebiete von Asterousia, wo man \u00fcber eine asphaltierte Stra\u00dfe gelangen kann. Um hierher zu gelangen, m\u00fcssen Sie vom Dorf Pompia in Messara Plane fahren und der Stra\u00dfe zum Dorf Pigaidakia folgen. Die Stra\u00dfe ist ziemlich eng und hat mehrere scharfe Kurven, aber die M\u00fche lohnt sich auf jeden Fall.\n\nSie werden sicherlich von den wundersch\u00f6nen Str\u00e4nden von Kali Limenes verzaubert sein, die sich das ganze Jahr \u00fcber zum Schwimmen eignen. Wie der Name schon sagt, ist das Meer in Kali Limenes (dh Fair Harbors) fast immer ruhig, au\u00dfer im Winter.<\/p>\n\n                                    <\/div>\n            <\/div>\n\n        <\/div>\n\n\t\t\t\t\t\t<\/div>\n\t\t\t\t<\/div>\n\t\t\t\t\t<\/div>\n\t\t<\/div>\n\t\t\t\t\t<\/div>\n\t\t<\/section>\n\t\t\t\t<section class=\"elementor-section elementor-top-section elementor-element elementor-element-0ae548a elementor-section-full_width elementor-section-height-default elementor-section-height-default\" data-id=\"0ae548a\" data-element_type=\"section\" data-e-type=\"section\">\n\t\t\t\t\t\t<div class=\"elementor-container elementor-column-gap-default\">\n\t\t\t\t\t<div class=\"elementor-column elementor-col-50 elementor-top-column elementor-element elementor-element-2d8249c\" data-id=\"2d8249c\" data-element_type=\"column\" data-e-type=\"column\" data-settings=\"{&quot;background_background&quot;:&quot;classic&quot;}\">\n\t\t\t<div class=\"elementor-widget-wrap elementor-element-populated\">\n\t\t\t\t\t\t<div class=\"elementor-element elementor-element-e335ac6 elementor-position-left elementor-view-default elementor-widget elementor-widget-themo-header\" data-id=\"e335ac6\" data-element_type=\"widget\" data-e-type=\"widget\" data-widget_type=\"themo-header.default\">\n\t\t\t\t<div class=\"elementor-widget-container\">\n\t\t\t\t\t\t\t<div class=\"th-header-wrap\">\n        <div class=\"elementor-icon-box-wrapper \">\n                            <div class=\"elementor-icon-box-content\">\n                    <h3 class=\"elementor-icon-box-title\">\n                        Agiofarago                     <\/h3>\n                                        <p class=\"elementor-icon-box-description\">Die Agiofarago-Schlucht befindet sich s\u00fcdlich des Klosters Panagia Odigitria und die Route endet am atemberaubenden Strand Agiofarago. Entlang der Route in der Schlucht erheben sich senkrechte Felsen mit H\u00f6hlen, aber der Verlauf im flachen Bett des Baches ist sehr einfach und glatt. Kurz bevor Sie das Meer erreichen, gibt es ein Kletterfeld und es ist sehr \u00fcblich, einige Kletterer zu sehen.\n\nEs gibt mehrere M\u00f6glichkeiten, nach Agiofarago zu gelangen. Mit dem Boot k\u00f6nnen Sie von den H\u00e4fen von Kokkinos Pirgos, Agia Galini oder Kali Limenes aus fahren. Sie k\u00f6nnen auch \u00fcber eine unbefestigte Stra\u00dfe vom historischen Kloster Odigitria in der N\u00e4he von Sivas aus erreichen, zu dem das Gebiet geh\u00f6rt.<\/p>\n\n                                    <\/div>\n            <\/div>\n\n        <\/div>\n\n\t\t\t\t\t\t<\/div>\n\t\t\t\t<\/div>\n\t\t\t\t\t<\/div>\n\t\t<\/div>\n\t\t\t\t<div class=\"elementor-column elementor-col-50 elementor-top-column elementor-element elementor-element-5c03f96\" data-id=\"5c03f96\" data-element_type=\"column\" data-e-type=\"column\" data-settings=\"{&quot;background_background&quot;:&quot;classic&quot;}\">\n\t\t\t<div class=\"elementor-widget-wrap elementor-element-populated\">\n\t\t\t\t\t\t<div class=\"elementor-element elementor-element-58a987d elementor-widget elementor-widget-menu-anchor\" data-id=\"58a987d\" data-element_type=\"widget\" data-e-type=\"widget\" data-widget_type=\"menu-anchor.default\">\n\t\t\t\t<div class=\"elementor-widget-container\">\n\t\t\t\t\t\t\t<div class=\"elementor-menu-anchor\" id=\"more2\"><\/div>\n\t\t\t\t\t\t<\/div>\n\t\t\t\t<\/div>\n\t\t\t\t\t<\/div>\n\t\t<\/div>\n\t\t\t\t\t<\/div>\n\t\t<\/section>\n\t\t\t\t<section class=\"elementor-section elementor-top-section elementor-element elementor-element-824d74b elementor-section-full_width elementor-section-height-default elementor-section-height-default\" data-id=\"824d74b\" data-element_type=\"section\" data-e-type=\"section\">\n\t\t\t\t\t\t<div class=\"elementor-container elementor-column-gap-default\">\n\t\t\t\t\t<div class=\"elementor-column elementor-col-50 elementor-top-column elementor-element elementor-element-56e62bc\" data-id=\"56e62bc\" data-element_type=\"column\" data-e-type=\"column\" data-settings=\"{&quot;background_background&quot;:&quot;classic&quot;}\">\n\t\t\t<div class=\"elementor-widget-wrap elementor-element-populated\">\n\t\t\t\t\t\t<div class=\"elementor-element elementor-element-1f73da2 elementor-widget elementor-widget-menu-anchor\" data-id=\"1f73da2\" data-element_type=\"widget\" data-e-type=\"widget\" data-widget_type=\"menu-anchor.default\">\n\t\t\t\t<div class=\"elementor-widget-container\">\n\t\t\t\t\t\t\t<div class=\"elementor-menu-anchor\" id=\"what-to-see\"><\/div>\n\t\t\t\t\t\t<\/div>\n\t\t\t\t<\/div>\n\t\t\t\t<div class=\"elementor-element elementor-element-aa6cfe4 elementor-widget elementor-widget-spacer\" data-id=\"aa6cfe4\" data-element_type=\"widget\" data-e-type=\"widget\" data-widget_type=\"spacer.default\">\n\t\t\t\t<div class=\"elementor-widget-container\">\n\t\t\t\t\t\t\t<div class=\"elementor-spacer\">\n\t\t\t<div class=\"elementor-spacer-inner\"><\/div>\n\t\t<\/div>\n\t\t\t\t\t\t<\/div>\n\t\t\t\t<\/div>\n\t\t\t\t\t<\/div>\n\t\t<\/div>\n\t\t\t\t<div class=\"elementor-column elementor-col-50 elementor-top-column elementor-element elementor-element-8273496\" data-id=\"8273496\" data-element_type=\"column\" data-e-type=\"column\" data-settings=\"{&quot;background_background&quot;:&quot;classic&quot;}\">\n\t\t\t<div class=\"elementor-widget-wrap elementor-element-populated\">\n\t\t\t\t\t\t<div class=\"elementor-element elementor-element-c1070c7 elementor-position-left elementor-view-default elementor-widget elementor-widget-themo-header\" data-id=\"c1070c7\" data-element_type=\"widget\" data-e-type=\"widget\" data-widget_type=\"themo-header.default\">\n\t\t\t\t<div class=\"elementor-widget-container\">\n\t\t\t\t\t\t\t<div class=\"th-header-wrap\">\n        <div class=\"elementor-icon-box-wrapper \">\n                            <div class=\"elementor-icon-box-content\">\n                    <h3 class=\"elementor-icon-box-title\">\n                        Komos                    <\/h3>\n                                        <p class=\"elementor-icon-box-description\">Komos liegt 66 km s\u00fcdwestlich von Heraklion, nur 2 km n\u00f6rdlich von Matala und in der N\u00e4he des Dorfes Pitsidia. Es ist eigentlich der s\u00fcdlichste und abgelegenste Teil des langen Strandes von Messara Bay. Sie erreichen Kommos, indem Sie auf der Stra\u00dfe nach Matala fahren, bis Sie ein Schild nach Kommos in der N\u00e4he von Pitsidia sehen.\nDie Aussicht auf die Paximadia-Inseln ist atemberaubend, besonders w\u00e4hrend des Sonnenuntergangs. Es gibt nur wenige Tamarisken, keine Geb\u00e4ude, da Kommos ein gesch\u00fctztes arch\u00e4ologisches Gebiet ist und das Bauen eingeschr\u00e4nkt ist. Neben der arch\u00e4ologischen St\u00e4tte gibt es im S\u00fcden einen organisierten Strand mit Sonnenschirmen, Sonnenliegen, Toiletten, Duschen, einer Kantine und einem Rettungsschwimmer. Rundherum gibt es Sandd\u00fcnen, wo Sie die wei\u00dfen Sandlilien bewundern k\u00f6nnen, die das Ende des Sommers ank\u00fcndigen. Wenn Sie einen Platz zum \u00dcbernachten oder Essen finden m\u00f6chten, k\u00f6nnen Sie in das nahe gelegene Kalamaki laufen oder nach Pitsidia und Matala fahren.<\/p>\n\n                                    <\/div>\n            <\/div>\n\n        <\/div>\n\n\t\t\t\t\t\t<\/div>\n\t\t\t\t<\/div>\n\t\t\t\t\t<\/div>\n\t\t<\/div>\n\t\t\t\t\t<\/div>\n\t\t<\/section>\n\t\t\t\t<\/div>\n\t\t","protected":false},"excerpt":{"rendered":"<p>Orte zum Besuchen MATALA Matala is located 68km southwest of Heraklion, where the plain Messara meets Asteroussia Mountains. This is one of the most popular tourist destinations of Crete and certainly the most famous beach of south Heraklion prefecture. It &hellip; <a href=\"https:\/\/villas-delfini.gr\/de\/places-to-visit\/\">Read More<\/a><\/p>\n","protected":false},"author":1,"featured_media":0,"parent":0,"menu_order":7,"comment_status":"closed","ping_status":"closed","template":"","meta":{"footnotes":""},"class_list":["post-1102","page","type-page","status-publish","hentry"],"_links":{"self":[{"href":"https:\/\/villas-delfini.gr\/de\/wp-json\/wp\/v2\/pages\/1102","targetHints":{"allow":["GET"]}}],"collection":[{"href":"https:\/\/villas-delfini.gr\/de\/wp-json\/wp\/v2\/pages"}],"about":[{"href":"https:\/\/villas-delfini.gr\/de\/wp-json\/wp\/v2\/types\/page"}],"author":[{"embeddable":true,"href":"https:\/\/villas-delfini.gr\/de\/wp-json\/wp\/v2\/users\/1"}],"replies":[{"embeddable":true,"href":"https:\/\/villas-delfini.gr\/de\/wp-json\/wp\/v2\/comments?post=1102"}],"version-history":[{"count":5,"href":"https:\/\/villas-delfini.gr\/de\/wp-json\/wp\/v2\/pages\/1102\/revisions"}],"predecessor-version":[{"id":1140,"href":"https:\/\/villas-delfini.gr\/de\/wp-json\/wp\/v2\/pages\/1102\/revisions\/1140"}],"wp:attachment":[{"href":"https:\/\/villas-delfini.gr\/de\/wp-json\/wp\/v2\/media?parent=1102"}],"curies":[{"name":"wp","href":"https:\/\/api.w.org\/{rel}","templated":true}]}}